{"id":26040,"date":"2024-03-15T02:23:12","date_gmt":"2024-03-15T02:23:12","guid":{"rendered":"https:\/\/intervenciones.endometriosispr.com\/?post_type=product&#038;p=26040"},"modified":"2025-03-13T19:21:46","modified_gmt":"2025-03-13T19:21:46","slug":"manual-de-operaciones-para-intervencion-de-enriquecimiento-ambiental-con-videos-explicativos","status":"publish","type":"product","link":"https:\/\/intervenciones.endometriosispr.com\/index.php\/product\/manual-de-operaciones-para-intervencion-de-enriquecimiento-ambiental-con-videos-explicativos\/","title":{"rendered":"Manual de Operaciones para Intervenci\u00f3n de Enriquecimiento Ambiental con Videos Explicativos"},"content":{"rendered":"<p data-start=\"93\" data-end=\"187\"><strong data-start=\"93\" data-end=\"185\">Manual de Operaciones para Intervenci\u00f3n de Enriquecimiento Ambiental \u2013 eBook + Videos<\/strong><\/p>\n<p data-start=\"189\" data-end=\"552\">Este completo manual ofrece todas las especificaciones, protocolos y pasos detallados para llevar a cabo una intervenci\u00f3n de enriquecimiento ambiental de manera efectiva. Dise\u00f1ado para profesionales de la salud, proporciona herramientas clave para la implementaci\u00f3n de estrategias terap\u00e9uticas en el tratamiento de la endometriosis y otras condiciones cr\u00f3nicas.<\/p>\n<p data-start=\"554\" data-end=\"907\">\ud83d\udccc <strong data-start=\"557\" data-end=\"587\">\u00bfQu\u00e9 incluye este paquete?<\/strong><\/p>\n<p data-start=\"554\" data-end=\"907\">\u2714 <strong data-start=\"592\" data-end=\"601\">eBook<\/strong>: Manual de Operaciones en formato digital.<br data-start=\"644\" data-end=\"647\" \/>\u2714 <strong data-start=\"649\" data-end=\"675\">Videos complementarios<\/strong>: 6 intervenciones explicativas + 1 video introductorio.<br data-start=\"731\" data-end=\"734\" \/>\u2714 <strong>Videos\u00a0en ingl\u00e9s y espa\u00f1ol<\/strong>.<br data-start=\"767\" data-end=\"770\" \/>\u2714 <strong data-start=\"772\" data-end=\"806\">Material validado cl\u00ednicamente<\/strong>, garantizando su efectividad en la mejora del bienestar y la calidad de vida de los participantes.<\/p>\n<p data-start=\"909\" data-end=\"1160\"><strong data-start=\"912\" data-end=\"936\">Temas de los videos:<\/strong><br data-start=\"936\" data-end=\"939\" \/>\ud83d\udd39 Introducci\u00f3n<br data-start=\"954\" data-end=\"957\" \/>\ud83d\udd39 Intervenci\u00f3n de Yoga<br data-start=\"980\" data-end=\"983\" \/>\ud83d\udd39 Intervenci\u00f3n de Aromaterapia<br data-start=\"1014\" data-end=\"1017\" \/>\ud83d\udd39 Intervenci\u00f3n de Drama Terapia<br data-start=\"1049\" data-end=\"1052\" \/>\ud83d\udd39 Intervenci\u00f3n de Danza Terapia<br data-start=\"1084\" data-end=\"1087\" \/>\ud83d\udd39 Intervenci\u00f3n de Arte Terapia<br data-start=\"1118\" data-end=\"1121\" \/>\ud83d\udd39 Intervenci\u00f3n de Respiraci\u00f3n Y\u00f3gica<\/p>\n<p data-start=\"1162\" data-end=\"1307\">\ud83d\udca1 <strong data-start=\"1165\" data-end=\"1184\">Modo de acceso:<\/strong> Al adquirir este paquete, recibir\u00e1s un enlace para descargar el manual y un pdf con enlaces para acceder a los videos.<\/p>\n<p data-start=\"1309\" data-end=\"1477\">Los fondos recaudados ser\u00e1n donados a la <strong data-start=\"1374\" data-end=\"1433\">Fundaci\u00f3n Puertorrique\u00f1a de Pacientes con Endometriosis<\/strong>, apoyando su programa de grupos de apoyo.<\/p>\n<p data-start=\"1479\" data-end=\"1572\" data-is-last-node=\"\" data-is-only-node=\"\"><strong data-start=\"1486\" data-end=\"1509\">Pol\u00edtica de Compra:<\/strong> Debido a la naturaleza digital del producto, <strong data-start=\"1555\" data-end=\"1585\">no se aceptan devoluciones<\/strong>. Para cualquier duda o consulta, puedes comunicarte con nosotros a trav\u00e9s de <strong data-start=\"1663\" data-end=\"1683\"><a rel=\"noopener\" data-start=\"1665\" data-end=\"1681\">endopr@gmail.com<\/a><\/strong>.<\/p>\n<p data-start=\"39\" data-end=\"185\">Tan pronto completes tu pago, ver\u00e1s un bot\u00f3n en la pantalla para <strong data-start=\"104\" data-end=\"127\">descargar el manual<\/strong> de inmediato. Aseg\u00farate de guardarlo en tu dispositivo.<\/p>\n<p data-start=\"187\" data-end=\"337\" data-is-last-node=\"\" data-is-only-node=\"\">Si tienes alg\u00fan problema con la descarga, revisa tu correo (incluyendo la carpeta de <strong data-start=\"272\" data-end=\"294\">Promociones o Spam<\/strong>) o cont\u00e1ctanos a <strong data-start=\"312\" data-end=\"332\"><a rel=\"noopener\" data-start=\"314\" data-end=\"330\">endopr@gmail.com<\/a><\/strong>. \ud83d\udce9\u2705<\/p>\n<p class=\"cvGsUA direction-ltr align-start para-style-body\">\n","protected":false},"excerpt":{"rendered":"<p><strong data-start=\"93\" data-end=\"185\">Manual de Operaciones para Intervenci\u00f3n de Enriquecimiento Ambiental \u2013 eBook + Videos<\/strong><\/p>\n","protected":false},"featured_media":26084,"comment_status":"open","ping_status":"closed","template":"","meta":{"inline_featured_image":false},"product_cat":[88,89],"product_tag":[93,91,92,94],"class_list":{"0":"post-26040","1":"product","2":"type-product","3":"status-publish","4":"has-post-thumbnail","6":"product_cat-manual","7":"product_cat-videos","8":"product_tag-enriquecimiento-ambiental","9":"product_tag-manual-con-videos","10":"product_tag-manual-de-operaciones","11":"product_tag-videos-explicativos","13":"first","14":"instock","15":"downloadable","16":"virtual","17":"purchasable","18":"product-type-simple"},"_links":{"self":[{"href":"https:\/\/intervenciones.endometriosispr.com\/index.php\/wp-json\/wp\/v2\/product\/26040","targetHints":{"allow":["GET"]}}],"collection":[{"href":"https:\/\/intervenciones.endometriosispr.com\/index.php\/wp-json\/wp\/v2\/product"}],"about":[{"href":"https:\/\/intervenciones.endometriosispr.com\/index.php\/wp-json\/wp\/v2\/types\/product"}],"replies":[{"embeddable":true,"href":"https:\/\/intervenciones.endometriosispr.com\/index.php\/wp-json\/wp\/v2\/comments?post=26040"}],"wp:featuredmedia":[{"embeddable":true,"href":"https:\/\/intervenciones.endometriosispr.com\/index.php\/wp-json\/wp\/v2\/media\/26084"}],"wp:attachment":[{"href":"https:\/\/intervenciones.endometriosispr.com\/index.php\/wp-json\/wp\/v2\/media?parent=26040"}],"wp:term":[{"taxonomy":"product_cat","embeddable":true,"href":"https:\/\/intervenciones.endometriosispr.com\/index.php\/wp-json\/wp\/v2\/product_cat?post=26040"},{"taxonomy":"product_tag","embeddable":true,"href":"https:\/\/intervenciones.endometriosispr.com\/index.php\/wp-json\/wp\/v2\/product_tag?post=26040"}],"curies":[{"name":"wp","href":"https:\/\/api.w.org\/{rel}","templated":true}]}}